{"id":183,"date":"2020-01-28T06:55:07","date_gmt":"2020-01-28T06:55:07","guid":{"rendered":"https:\/\/demo.themeansar.com\/newsup\/lite\/?page_id=70"},"modified":"2024-02-03T13:40:54","modified_gmt":"2024-02-03T13:40:54","slug":"contact","status":"publish","type":"page","link":"https:\/\/urlaubmitfamily.de\/?page_id=183","title":{"rendered":"Kontakt"},"content":{"rendered":"<p>Nehmt gerne Kontakt mit uns auf, wenn ihr Inspiration und Hilfe bei der Reisebuchung f\u00fcr euch und eure Familie ben\u00f6tigt.<\/p>\n<p>Dipl. Kffr. Anja B\u00f6lle<\/p>\n<p>Email: familienkreuzfahrten@web.de<\/p>\n<p>Nutzt auch gerne unser Kontaktformular:<\/p>\n<p><!DOCTYPE html><br \/>\n<html lang=\"de\"><br \/>\n<head><br \/>\n<meta charset=\"UTF-8\"><br \/>\n<meta name=\"viewport\" content=\"width=device-width, initial-scale=1.0\"><br \/>\n<title>Kontaktformular<\/title><br \/>\n<\/head><br \/>\n<body><\/p>\n<h1>Kontaktformular<\/h1>\n<form action=\"mailto:familienkreuzfahrten@web.de\" method=\"post\" enctype=\"text\/plain\">\n    <label for=\"name\">Euer Name:<\/label><br \/>\n<input type=\"text\" id=\"name\" name=\"name\"><\/p>\n<p><label for=\"anliegen\">Euer Anliegen:<\/label><br \/>\n<textarea id=\"anliegen\" name=\"anliegen\" rows=\"4\" cols=\"50\"><\/textarea><\/p>\n<p><input type=\"submit\" value=\"Absenden\"><br \/>\n<\/form>\n<p><\/body><br \/>\n<\/html><\/p>\n","protected":false},"excerpt":{"rendered":"<p>Nehmt gerne Kontakt mit uns auf, wenn ihr Inspiration und Hilfe bei der Reisebuchung f\u00fcr euch und eure Familie ben\u00f6tigt. Dipl. Kffr. Anja B\u00f6lle Email: familienkreuzfahrten@web.de Nutzt auch gerne unser Kontaktformular: Kontaktformular Kontaktformular Euer Name: Euer Anliegen:<\/p>\n","protected":false},"author":1,"featured_media":0,"parent":0,"menu_order":0,"comment_status":"closed","ping_status":"closed","template":"","meta":{"footnotes":""},"class_list":["post-183","page","type-page","status-publish","hentry"],"_links":{"self":[{"href":"https:\/\/urlaubmitfamily.de\/index.php?rest_route=\/wp\/v2\/pages\/183","targetHints":{"allow":["GET"]}}],"collection":[{"href":"https:\/\/urlaubmitfamily.de\/index.php?rest_route=\/wp\/v2\/pages"}],"about":[{"href":"https:\/\/urlaubmitfamily.de\/index.php?rest_route=\/wp\/v2\/types\/page"}],"author":[{"embeddable":true,"href":"https:\/\/urlaubmitfamily.de\/index.php?rest_route=\/wp\/v2\/users\/1"}],"replies":[{"embeddable":true,"href":"https:\/\/urlaubmitfamily.de\/index.php?rest_route=%2Fwp%2Fv2%2Fcomments&post=183"}],"version-history":[{"count":19,"href":"https:\/\/urlaubmitfamily.de\/index.php?rest_route=\/wp\/v2\/pages\/183\/revisions"}],"predecessor-version":[{"id":455,"href":"https:\/\/urlaubmitfamily.de\/index.php?rest_route=\/wp\/v2\/pages\/183\/revisions\/455"}],"wp:attachment":[{"href":"https:\/\/urlaubmitfamily.de\/index.php?rest_route=%2Fwp%2Fv2%2Fmedia&parent=183"}],"curies":[{"name":"wp","href":"https:\/\/api.w.org\/{rel}","templated":true}]}}