{"id":259,"date":"2020-10-17T13:59:05","date_gmt":"2020-10-17T13:59:05","guid":{"rendered":"http:\/\/urlaubmitfamily.de\/?page_id=259"},"modified":"2023-10-24T12:39:48","modified_gmt":"2023-10-24T12:39:48","slug":"impressum","status":"publish","type":"page","link":"https:\/\/urlaubmitfamily.de\/?page_id=259","title":{"rendered":"Impressum"},"content":{"rendered":"\n<p><\/p>\n\n\n\n<p>Impressum f\u00fcr den Reiseblog &#8220;Urlaubmitfamily.de&#8221;:<\/p>\n\n\n\n<p>Verantwortlich f\u00fcr den Inhalt dieser Website gem\u00e4\u00df \u00a7 5 TMG:<\/p>\n\n\n\n<p>Dipl. Kffr. Anja B\u00f6lle 49740 Hasel\u00fcnne<\/p>\n\n\n\n<p>Kontakt:<\/p>\n\n\n\n<p>Telefon: 05961 8199040 E-Mail: familienkreuzfahrten@web.de<\/p>\n\n\n\n<p>Bitte beachten Sie auch unsere <a href=\"https:\/\/www.travialinks.de\/link\/A-28549-0\/A\/datenschutzerklaerung\">Datenschutzerkl\u00e4rung<\/a> und <a href=\"https:\/\/www.travialinks.de\/link\/A-28549-0\/A\/travianet_agb\">AGB<\/a> sowie <a href=\"https:\/\/www.travialinks.de\/link\/A-28549-0\/A\/buchungsinfos\">Buchungsinformationen<\/a> f\u00fcr die vermittelten Reisen unseres Partnerportals travianet GmbH.<\/p>\n\n\n\n<p>Haftungsausschluss: Trotz sorgf\u00e4ltiger inhaltlicher Kontrolle \u00fcbernehmen wir keine Haftung f\u00fcr die Inhalte externer Links. F\u00fcr den Inhalt verlinkter Seiten sind ausschlie\u00dflich deren Betreiber verantwortlich.<\/p>\n\n\n\n<p>Urheberrecht: Die durch die Seitenbetreiber erstellten Inhalte und Werke auf diesen Seiten unterliegen dem deutschen Urheberrecht. Die Vervielf\u00e4ltigung, Bearbeitung, Verbreitung und jede Art der Verwertung au\u00dferhalb der Grenzen des Urheberrechtes bed\u00fcrfen der schriftlichen Zustimmung des jeweiligen Autors bzw. Erstellers.<\/p>\n\n\n\n<p>Sollten Sie eine Verletzung des Urheberrechts feststellen, bitten wir um einen entsprechenden Hinweis. Bei Bekanntwerden von Rechtsverletzungen werden wir derartige Inhalte umgehend entfernen.<\/p>\n","protected":false},"excerpt":{"rendered":"<p>Impressum f\u00fcr den Reiseblog &#8220;Urlaubmitfamily.de&#8221;: Verantwortlich f\u00fcr den Inhalt dieser Website gem\u00e4\u00df \u00a7 5 TMG: Dipl. Kffr. Anja B\u00f6lle 49740 Hasel\u00fcnne Kontakt: Telefon: 05961 8199040 E-Mail: familienkreuzfahrten@web.de Bitte beachten Sie auch unsere Datenschutzerkl\u00e4rung und AGB sowie Buchungsinformationen f\u00fcr die vermittelten Reisen unseres Partnerportals travianet GmbH. Haftungsausschluss: Trotz sorgf\u00e4ltiger inhaltlicher Kontrolle \u00fcbernehmen wir keine Haftung f\u00fcr [&hellip;]<\/p>\n","protected":false},"author":1,"featured_media":0,"parent":183,"menu_order":0,"comment_status":"closed","ping_status":"closed","template":"","meta":{"footnotes":""},"class_list":["post-259","page","type-page","status-publish","hentry"],"_links":{"self":[{"href":"https:\/\/urlaubmitfamily.de\/index.php?rest_route=\/wp\/v2\/pages\/259","targetHints":{"allow":["GET"]}}],"collection":[{"href":"https:\/\/urlaubmitfamily.de\/index.php?rest_route=\/wp\/v2\/pages"}],"about":[{"href":"https:\/\/urlaubmitfamily.de\/index.php?rest_route=\/wp\/v2\/types\/page"}],"author":[{"embeddable":true,"href":"https:\/\/urlaubmitfamily.de\/index.php?rest_route=\/wp\/v2\/users\/1"}],"replies":[{"embeddable":true,"href":"https:\/\/urlaubmitfamily.de\/index.php?rest_route=%2Fwp%2Fv2%2Fcomments&post=259"}],"version-history":[{"count":2,"href":"https:\/\/urlaubmitfamily.de\/index.php?rest_route=\/wp\/v2\/pages\/259\/revisions"}],"predecessor-version":[{"id":411,"href":"https:\/\/urlaubmitfamily.de\/index.php?rest_route=\/wp\/v2\/pages\/259\/revisions\/411"}],"up":[{"embeddable":true,"href":"https:\/\/urlaubmitfamily.de\/index.php?rest_route=\/wp\/v2\/pages\/183"}],"wp:attachment":[{"href":"https:\/\/urlaubmitfamily.de\/index.php?rest_route=%2Fwp%2Fv2%2Fmedia&parent=259"}],"curies":[{"name":"wp","href":"https:\/\/api.w.org\/{rel}","templated":true}]}}