{"id":46,"date":"2021-10-15T18:54:31","date_gmt":"2021-10-15T18:54:31","guid":{"rendered":"http:\/\/urlaubmitfamily.de\/?page_id=46"},"modified":"2023-10-24T12:38:24","modified_gmt":"2023-10-24T12:38:24","slug":"unsere-reisen","status":"publish","type":"page","link":"https:\/\/urlaubmitfamily.de\/?page_id=46","title":{"rendered":"Unsere Reisen"},"content":{"rendered":"\n<div class=\"wp-block-query is-layout-flow wp-block-query-is-layout-flow\"><ul class=\"wp-block-post-template is-layout-flow wp-block-post-template-is-layout-flow\"><li class=\"wp-block-post post-508 post type-post status-publish format-standard hentry category-uncategorized\">\n<h2 class=\"wp-block-post-title\"><a href=\"https:\/\/urlaubmitfamily.de\/?p=508\" target=\"_self\" >Reiseplan-Formular<\/a><\/h2>\n\n\n\n<div class=\"wp-block-post-excerpt\"><p class=\"wp-block-post-excerpt__excerpt\"> <\/p><\/div>\n\n\n<hr\/>\n\n\n<div class=\"wp-block-post-date\"><time datetime=\"2025-02-22T16:50:41+00:00\">Februar 22, 2025<\/time><\/div>\n<\/li><li class=\"wp-block-post post-98 post type-post status-publish format-standard has-post-thumbnail hentry category-italien-urlaub tag-italien-mit-kindern\">\n<h2 class=\"wp-block-post-title\"><a href=\"https:\/\/urlaubmitfamily.de\/?p=98\" target=\"_self\" >Gardasee 2023:<\/a><\/h2>\n\n<figure class=\"alignwide wp-block-post-featured-image\"><a href=\"https:\/\/urlaubmitfamily.de\/?p=98\" target=\"_self\"  ><img fetchpriority=\"high\" decoding=\"async\" width=\"1845\" height=\"973\" src=\"https:\/\/urlaubmitfamily.de\/wp-content\/uploads\/2023\/08\/beitragsbild_gardasee1.jpg\" class=\"attachment-post-thumbnail size-post-thumbnail wp-post-image\" alt=\"Gardasee 2023:\" style=\"object-fit:cover;\" srcset=\"https:\/\/urlaubmitfamily.de\/wp-content\/uploads\/2023\/08\/beitragsbild_gardasee1.jpg 1845w, https:\/\/urlaubmitfamily.de\/wp-content\/uploads\/2023\/08\/beitragsbild_gardasee1-300x158.jpg 300w, https:\/\/urlaubmitfamily.de\/wp-content\/uploads\/2023\/08\/beitragsbild_gardasee1-1024x540.jpg 1024w, https:\/\/urlaubmitfamily.de\/wp-content\/uploads\/2023\/08\/beitragsbild_gardasee1-768x405.jpg 768w, https:\/\/urlaubmitfamily.de\/wp-content\/uploads\/2023\/08\/beitragsbild_gardasee1-1536x810.jpg 1536w, https:\/\/urlaubmitfamily.de\/wp-content\/uploads\/2023\/08\/beitragsbild_gardasee1-720x380.jpg 720w\" sizes=\"(max-width: 1845px) 100vw, 1845px\" \/><\/a><\/figure>\n\n<div class=\"wp-block-post-excerpt\"><p class=\"wp-block-post-excerpt__excerpt\">Buon Giorno, Dieses Jahr hat uns unser Italien-Roadtrip zuerst zum Gardasee gef\u00fchrt. Wir sind mit einem Campervan (Opel Crosscamp) zum Gardasee gereist. Es war eine aufregende Reise, die wir nie vergessen werden. Warum der Opel Crosscamp? . Drinnen gibt es gem\u00fctliche Betten, vor allem im Hochstelldach, zum Schlafen, eine kleine K\u00fcche und einen Platz zum&hellip; <\/p><\/div>\n\n\n<hr\/>\n\n\n<div class=\"wp-block-post-date\"><time datetime=\"2023-08-01T11:37:51+00:00\">August 1, 2023<\/time><\/div>\n<\/li><li class=\"wp-block-post post-294 post type-post status-publish format-standard has-post-thumbnail hentry category-strand\">\n<h2 class=\"wp-block-post-title\"><a href=\"https:\/\/urlaubmitfamily.de\/?p=294\" target=\"_self\" >Ameland 2022<\/a><\/h2>\n\n<figure class=\"alignwide wp-block-post-featured-image\"><a href=\"https:\/\/urlaubmitfamily.de\/?p=294\" target=\"_self\"  ><img decoding=\"async\" width=\"1847\" height=\"2098\" src=\"https:\/\/urlaubmitfamily.de\/wp-content\/uploads\/2023\/10\/Dackel_Urlaub.jpg\" class=\"attachment-post-thumbnail size-post-thumbnail wp-post-image\" alt=\"Ameland 2022\" style=\"object-fit:cover;\" srcset=\"https:\/\/urlaubmitfamily.de\/wp-content\/uploads\/2023\/10\/Dackel_Urlaub.jpg 1847w, https:\/\/urlaubmitfamily.de\/wp-content\/uploads\/2023\/10\/Dackel_Urlaub-264x300.jpg 264w, https:\/\/urlaubmitfamily.de\/wp-content\/uploads\/2023\/10\/Dackel_Urlaub-901x1024.jpg 901w, https:\/\/urlaubmitfamily.de\/wp-content\/uploads\/2023\/10\/Dackel_Urlaub-768x872.jpg 768w, https:\/\/urlaubmitfamily.de\/wp-content\/uploads\/2023\/10\/Dackel_Urlaub-1352x1536.jpg 1352w, https:\/\/urlaubmitfamily.de\/wp-content\/uploads\/2023\/10\/Dackel_Urlaub-1803x2048.jpg 1803w, https:\/\/urlaubmitfamily.de\/wp-content\/uploads\/2023\/10\/Dackel_Urlaub-1024x1163.jpg 1024w\" sizes=\"(max-width: 1847px) 100vw, 1847px\" \/><\/a><\/figure>\n\n<div class=\"wp-block-post-excerpt\"><p class=\"wp-block-post-excerpt__excerpt\">Vom 30. September bis zum 3. Oktober 2022 machten wir uns auf den Weg zu diesem kleinen Paradies in der Nordsee. Unsere Basis f\u00fcr dieses Abenteuer war eine gem\u00fctliche Ferienwohnung in Hollum, die uns ein perfektes Zuhause f\u00fcr unsere Reise bot. Die Anreise gestaltete sich schon als kleines Abenteuer f\u00fcr die Kinder. Mit strahlenden Augen&hellip; <\/p><\/div>\n\n\n<hr\/>\n\n\n<div class=\"wp-block-post-date\"><time datetime=\"2022-10-20T17:36:23+00:00\">Oktober 20, 2022<\/time><\/div>\n<\/li><\/ul><\/div>\n\n\n\n<div class=\"wp-block-media-text is-stacked-on-mobile\"><figure class=\"wp-block-media-text__media\"><img decoding=\"async\" width=\"766\" height=\"1024\" src=\"https:\/\/urlaubmitfamily.de\/wp-content\/uploads\/2023\/10\/IMG_20210824_140321-766x1024.jpg\" alt=\"\" class=\"wp-image-374 size-full\" srcset=\"https:\/\/urlaubmitfamily.de\/wp-content\/uploads\/2023\/10\/IMG_20210824_140321-766x1024.jpg 766w, https:\/\/urlaubmitfamily.de\/wp-content\/uploads\/2023\/10\/IMG_20210824_140321-224x300.jpg 224w, https:\/\/urlaubmitfamily.de\/wp-content\/uploads\/2023\/10\/IMG_20210824_140321-768x1026.jpg 768w, https:\/\/urlaubmitfamily.de\/wp-content\/uploads\/2023\/10\/IMG_20210824_140321-1149x1536.jpg 1149w, https:\/\/urlaubmitfamily.de\/wp-content\/uploads\/2023\/10\/IMG_20210824_140321-1532x2048.jpg 1532w, https:\/\/urlaubmitfamily.de\/wp-content\/uploads\/2023\/10\/IMG_20210824_140321-1024x1368.jpg 1024w, https:\/\/urlaubmitfamily.de\/wp-content\/uploads\/2023\/10\/IMG_20210824_140321-scaled.jpg 1916w\" sizes=\"(max-width: 766px) 100vw, 766px\" \/><\/figure><div class=\"wp-block-media-text__content\">\n<p><strong>R\u00fcgen 2021<\/strong>..<a href=\"https:\/\/urlaubmitfamily.de\/ostsee\/ruegen-2021\/\">hier mehr lesen<\/a><\/p>\n\n\n\n<p><\/p>\n<\/div><\/div>\n\n\n\n<p><\/p>\n\n\n\n<div class=\"wp-block-columns are-vertically-aligned-top is-layout-flex wp-container-core-columns-is-layout-1 wp-block-columns-is-layout-flex\">\n<div class=\"wp-block-column is-vertically-aligned-top is-layout-flow wp-block-column-is-layout-flow\" style=\"flex-basis:50%\">\n<figure class=\"wp-block-image\"><img loading=\"lazy\" decoding=\"async\" width=\"768\" height=\"1024\" src=\"https:\/\/urlaubmitfamily.de\/wp-content\/uploads\/2023\/10\/af197fef-3bc3-4f33-9136-2ee1d4def6b3-1-768x1024.jpeg\" alt=\"\" class=\"wp-image-377\" srcset=\"https:\/\/urlaubmitfamily.de\/wp-content\/uploads\/2023\/10\/af197fef-3bc3-4f33-9136-2ee1d4def6b3-1-768x1024.jpeg 768w, https:\/\/urlaubmitfamily.de\/wp-content\/uploads\/2023\/10\/af197fef-3bc3-4f33-9136-2ee1d4def6b3-1-225x300.jpeg 225w, https:\/\/urlaubmitfamily.de\/wp-content\/uploads\/2023\/10\/af197fef-3bc3-4f33-9136-2ee1d4def6b3-1-1152x1536.jpeg 1152w, https:\/\/urlaubmitfamily.de\/wp-content\/uploads\/2023\/10\/af197fef-3bc3-4f33-9136-2ee1d4def6b3-1-1024x1365.jpeg 1024w, https:\/\/urlaubmitfamily.de\/wp-content\/uploads\/2023\/10\/af197fef-3bc3-4f33-9136-2ee1d4def6b3-1.jpeg 1200w\" sizes=\"(max-width: 768px) 100vw, 768px\" \/><\/figure>\n<\/div>\n\n\n\n<div class=\"wp-block-column is-vertically-aligned-top is-layout-flow wp-block-column-is-layout-flow\" style=\"flex-basis:50%\">\n<p><strong>R\u00fcgen (Prora) 2020<\/strong>..<a href=\"https:\/\/urlaubmitfamily.de\/ostsee\/ruegen-prora-2020\/\">hier mehr lesen<\/a><\/p>\n<\/div>\n<\/div>\n\n\n\n<p><\/p>\n\n\n\n<div class=\"wp-block-media-text is-stacked-on-mobile\"><figure class=\"wp-block-media-text__media\"><img loading=\"lazy\" decoding=\"async\" width=\"1024\" height=\"768\" src=\"https:\/\/urlaubmitfamily.de\/wp-content\/uploads\/2023\/10\/UNADJUSTEDNONRAW_thumb_17b0.jpg\" alt=\"\" class=\"wp-image-390 size-full\" srcset=\"https:\/\/urlaubmitfamily.de\/wp-content\/uploads\/2023\/10\/UNADJUSTEDNONRAW_thumb_17b0.jpg 1024w, https:\/\/urlaubmitfamily.de\/wp-content\/uploads\/2023\/10\/UNADJUSTEDNONRAW_thumb_17b0-300x225.jpg 300w, https:\/\/urlaubmitfamily.de\/wp-content\/uploads\/2023\/10\/UNADJUSTEDNONRAW_thumb_17b0-768x576.jpg 768w\" sizes=\"(max-width: 1024px) 100vw, 1024px\" \/><\/figure><div class=\"wp-block-media-text__content\">\n<p><strong>D\u00e4nemark ( Seeland) 2019<\/strong>&#8230;<a href=\"https:\/\/urlaubmitfamily.de\/ostsee\/daenemark-seeland\/\">hier mehr lesen<\/a><\/p>\n<\/div><\/div>\n\n\n\n<div class=\"wp-block-media-text is-stacked-on-mobile\"><figure class=\"wp-block-media-text__media\"><img loading=\"lazy\" decoding=\"async\" width=\"1024\" height=\"1024\" src=\"https:\/\/urlaubmitfamily.de\/wp-content\/uploads\/2023\/10\/Hellblau-Grunge-Reise-Abenteuer-Instagram-Post-1024x1024.png\" alt=\"\" class=\"wp-image-406 size-full\" srcset=\"https:\/\/urlaubmitfamily.de\/wp-content\/uploads\/2023\/10\/Hellblau-Grunge-Reise-Abenteuer-Instagram-Post-1024x1024.png 1024w, https:\/\/urlaubmitfamily.de\/wp-content\/uploads\/2023\/10\/Hellblau-Grunge-Reise-Abenteuer-Instagram-Post-300x300.png 300w, https:\/\/urlaubmitfamily.de\/wp-content\/uploads\/2023\/10\/Hellblau-Grunge-Reise-Abenteuer-Instagram-Post-150x150.png 150w, https:\/\/urlaubmitfamily.de\/wp-content\/uploads\/2023\/10\/Hellblau-Grunge-Reise-Abenteuer-Instagram-Post-768x768.png 768w, https:\/\/urlaubmitfamily.de\/wp-content\/uploads\/2023\/10\/Hellblau-Grunge-Reise-Abenteuer-Instagram-Post.png 1080w\" sizes=\"(max-width: 1024px) 100vw, 1024px\" \/><\/figure><div class=\"wp-block-media-text__content\">\n<p><a href=\"https:\/\/www.amazon.de\/gp\/search?ie=UTF8&amp;tag=urlaubmitfami-21&amp;linkCode=ur2&amp;linkId=44c4dc4a3716ca595b87ab767f4306fb&amp;camp=1638&amp;creative=6742&amp;index=books&amp;keywords=Familien Reisef\u00fchrer\">Jetzt Reisef\u00fchrer f\u00fcr eure n\u00e4chste Reise buchen..<\/a><\/p>\n<\/div><\/div>\n","protected":false},"excerpt":{"rendered":"<p>R\u00fcgen 2021..hier mehr lesen R\u00fcgen (Prora) 2020..hier mehr lesen D\u00e4nemark ( Seeland) 2019&#8230;hier mehr lesen Jetzt Reisef\u00fchrer f\u00fcr eure n\u00e4chste Reise buchen..<\/p>\n","protected":false},"author":1,"featured_media":0,"parent":0,"menu_order":0,"comment_status":"closed","ping_status":"closed","template":"elementor_theme","meta":{"footnotes":""},"class_list":["post-46","page","type-page","status-publish","hentry"],"_links":{"self":[{"href":"https:\/\/urlaubmitfamily.de\/index.php?rest_route=\/wp\/v2\/pages\/46","targetHints":{"allow":["GET"]}}],"collection":[{"href":"https:\/\/urlaubmitfamily.de\/index.php?rest_route=\/wp\/v2\/pages"}],"about":[{"href":"https:\/\/urlaubmitfamily.de\/index.php?rest_route=\/wp\/v2\/types\/page"}],"author":[{"embeddable":true,"href":"https:\/\/urlaubmitfamily.de\/index.php?rest_route=\/wp\/v2\/users\/1"}],"replies":[{"embeddable":true,"href":"https:\/\/urlaubmitfamily.de\/index.php?rest_route=%2Fwp%2Fv2%2Fcomments&post=46"}],"version-history":[{"count":22,"href":"https:\/\/urlaubmitfamily.de\/index.php?rest_route=\/wp\/v2\/pages\/46\/revisions"}],"predecessor-version":[{"id":410,"href":"https:\/\/urlaubmitfamily.de\/index.php?rest_route=\/wp\/v2\/pages\/46\/revisions\/410"}],"wp:attachment":[{"href":"https:\/\/urlaubmitfamily.de\/index.php?rest_route=%2Fwp%2Fv2%2Fmedia&parent=46"}],"curies":[{"name":"wp","href":"https:\/\/api.w.org\/{rel}","templated":true}]}}